{"id":66061,"date":"2023-08-17T16:33:00","date_gmt":"2023-08-17T09:33:00","guid":{"rendered":"https:\/\/meeymap.com\/tin-tuc\/?page_id=66061"},"modified":"2023-08-17T16:33:00","modified_gmt":"2023-08-17T09:33:00","slug":"thong-tin-chu-so-huu-meey-map","status":"publish","type":"page","link":"https:\/\/meeymap.com\/tin-tuc\/thong-tin-chu-so-huu-meey-map","title":{"rendered":"Th\u00f4ng tin ch\u1ee7 s\u1edf h\u1eefu Meey Map"},"content":{"rendered":"<p><span class=\"text-[13px] font-400\">C\u00f4ng ty TNHH Chuy\u1ec3n \u0111\u1ed5i s\u1ed1 B\u1ea5t \u0111\u1ed9ng s\u1ea3n, m\u00e3 s\u1ed1 doanh nghi\u1ec7p 0110275494, \u0111\u01b0\u1ee3c th\u00e0nh l\u1eadp v\u00e0o ng\u00e0y 07\/03\/2023 v\u1edbi s\u1ee9 m\u1ec7nh th\u00fac \u0111\u1ea9y c\u00f4ng cu\u1ed9c chuy\u1ec3n \u0111\u1ed5i s\u1ed1 trong ng\u00e0nh b\u1ea5t \u0111\u1ed9ng s\u1ea3n; T\u1eeb \u0111\u00f3, t\u0103ng t\u00ednh thanh kho\u1ea3n, khai th\u00e1c t\u1ed1i \u0111a c\u00f4ng n\u0103ng s\u1eed d\u1ee5ng c\u1ee7a b\u1ea5t \u0111\u1ed9ng s\u1ea3n. V\u00e0 xa h\u01a1n, Meey Map mong mu\u1ed1n kh\u1eb3ng \u0111\u1ecbnh th\u01b0\u01a1ng hi\u1ec7u Vi\u1ec7t, tr\u00ed tu\u1ec7 Vi\u1ec7t tr\u00ean th\u1ecb tr\u01b0\u1eddng qu\u1ed1c t\u1ebf.<\/span><\/p>\n<p><img loading=\"lazy\" decoding=\"async\" class=\"size-full wp-image-66062 aligncenter\" src=\"https:\/\/meeymap.com\/tin-tuc\/wp-content\/uploads\/2023\/08\/owner_infomation_content.png\" alt=\"\" width=\"1118\" height=\"664\" title=\"\" srcset=\"https:\/\/meeymap.com\/tin-tuc\/wp-content\/uploads\/2023\/08\/owner_infomation_content.png 1118w, https:\/\/meeymap.com\/tin-tuc\/wp-content\/uploads\/2023\/08\/owner_infomation_content-300x178.png 300w, https:\/\/meeymap.com\/tin-tuc\/wp-content\/uploads\/2023\/08\/owner_infomation_content-1024x608.png 1024w, https:\/\/meeymap.com\/tin-tuc\/wp-content\/uploads\/2023\/08\/owner_infomation_content-768x456.png 768w\" sizes=\"auto, (max-width: 1118px) 100vw, 1118px\" \/><br \/>\n<span class=\"text-[13px] font-400\">\u0110\u1ec3 th\u1ef1c hi\u1ec7n s\u1ee9 m\u1ec7nh n\u00e0y, Meey Map \u0111ang h\u01b0\u1edbng t\u1edbi ph\u00e1t tri\u1ec3n s\u1ea3n ph\u1ea9m\/n\u1ec1n t\u1ea3ng c\u00f4ng ngh\u1ec7 k\u1ebft h\u1ee3p gi\u1eefa th\u00e0nh qu\u1ea3 c\u1ee7a cu\u1ed9c C\u00e1ch m\u1ea1ng C\u00f4ng nghi\u1ec7p 4.0 v\u00e0 hi\u1ec3u bi\u1ebft s\u00e2u s\u1eafc v\u1ec1 th\u1ecb tr\u01b0\u1eddng b\u1ea5t \u0111\u1ed9ng s\u1ea3n<\/span><\/p>\n<p><span class=\"text-[13px] font-400\">Meey Map l\u00e0 n\u1ec1n t\u1ea3ng b\u1ea3n \u0111\u1ed3 tra c\u1ee9u th\u00f4ng tin quy ho\u1ea1ch v\u00e0 h\u1ed7 tr\u1ee3 t\u00ecm ki\u1ebfm b\u1ea5t \u0111\u1ed9ng s\u1ea3n tr\u1ef1c tuy\u1ebfn &#8211; l\u00e0 m\u1ed9t trong nh\u1eefng s\u1ea3n ph\u1ea9m \u0111\u1ea7u ti\u00ean \u0111\u01b0\u1ee3c x\u00e2y d\u1ef1ng, ph\u00e1t tri\u1ec3n v\u00e0 qu\u1ea3n l\u00fd b\u1edfi C\u00f4ng ty TNHH Chuy\u1ec3n \u0111\u1ed5i s\u1ed1 B\u1ea5t \u0111\u1ed9ng s\u1ea3n.<\/span><\/p>\n","protected":false},"excerpt":{"rendered":"<p>C\u00f4ng ty TNHH Chuy\u1ec3n \u0111\u1ed5i s\u1ed1 B\u1ea5t \u0111\u1ed9ng s\u1ea3n, m\u00e3 s\u1ed1 doanh nghi\u1ec7p 0110275494, \u0111\u01b0\u1ee3c th\u00e0nh l\u1eadp v\u00e0o ng\u00e0y 07\/03\/2023 v\u1edbi s\u1ee9 m\u1ec7nh th\u00fac \u0111\u1ea9y c\u00f4ng cu\u1ed9c chuy\u1ec3n&#8230; <\/p>\n","protected":false},"author":1,"featured_media":0,"parent":0,"menu_order":0,"comment_status":"closed","ping_status":"closed","template":"","meta":{"footnotes":""},"class_list":["post-66061","page","type-page","status-publish","hentry"],"_links":{"self":[{"href":"https:\/\/meeymap.com\/tin-tuc\/wp-json\/wp\/v2\/pages\/66061","targetHints":{"allow":["GET"]}}],"collection":[{"href":"https:\/\/meeymap.com\/tin-tuc\/wp-json\/wp\/v2\/pages"}],"about":[{"href":"https:\/\/meeymap.com\/tin-tuc\/wp-json\/wp\/v2\/types\/page"}],"author":[{"embeddable":true,"href":"https:\/\/meeymap.com\/tin-tuc\/wp-json\/wp\/v2\/users\/1"}],"replies":[{"embeddable":true,"href":"https:\/\/meeymap.com\/tin-tuc\/wp-json\/wp\/v2\/comments?post=66061"}],"version-history":[{"count":2,"href":"https:\/\/meeymap.com\/tin-tuc\/wp-json\/wp\/v2\/pages\/66061\/revisions"}],"predecessor-version":[{"id":66064,"href":"https:\/\/meeymap.com\/tin-tuc\/wp-json\/wp\/v2\/pages\/66061\/revisions\/66064"}],"wp:attachment":[{"href":"https:\/\/meeymap.com\/tin-tuc\/wp-json\/wp\/v2\/media?parent=66061"}],"curies":[{"name":"wp","href":"https:\/\/api.w.org\/{rel}","templated":true}]}}